{"id":280,"date":"2025-10-13T17:02:08","date_gmt":"2025-10-13T15:02:08","guid":{"rendered":"https:\/\/depannage-tygroo-pneu.com\/?page_id=280"},"modified":"2025-10-13T18:04:30","modified_gmt":"2025-10-13T16:04:30","slug":"intervention-7j-7-sur-place","status":"publish","type":"page","link":"https:\/\/depannage-tygroo-pneu.com\/index.php\/intervention-7j-7-sur-place\/","title":{"rendered":"Intervention 7j\/7 sur place"},"content":{"rendered":"\t\t<div data-elementor-type=\"wp-page\" data-elementor-id=\"280\" class=\"elementor elementor-280\">\n\t\t\t\t<div class=\"elementor-element elementor-element-79337ab3 e-flex e-con-boxed e-con e-parent\" data-id=\"79337ab3\" data-element_type=\"container\" data-settings=\"{&quot;background_background&quot;:&quot;classic&quot;}\">\n\t\t\t\t\t<div class=\"e-con-inner\">\n\t\t\t\t<div class=\"elementor-element elementor-element-194f2976 elementor-widget elementor-widget-heading\" data-id=\"194f2976\" data-element_type=\"widget\" data-widget_type=\"heading.default\">\n\t\t\t\t\t<h1 class=\"elementor-heading-title elementor-size-default\">Urgence pneu Intervention<br> 7j\/7 sur place<\/h1>\t\t\t\t<\/div>\n\t\t\t\t<div class=\"elementor-element elementor-element-47d860d6 elementor-widget-divider--view-line elementor-widget elementor-widget-divider\" data-id=\"47d860d6\" data-element_type=\"widget\" data-widget_type=\"divider.default\">\n\t\t\t\t\t\t\t<div class=\"elementor-divider\">\n\t\t\t<span class=\"elementor-divider-separator\">\n\t\t\t\t\t\t<\/span>\n\t\t<\/div>\n\t\t\t\t\t\t<\/div>\n\t\t\t\t<div class=\"elementor-element elementor-element-647280b7 elementor-widget__width-initial elementor-widget-tablet__width-initial elementor-widget elementor-widget-heading\" data-id=\"647280b7\" data-element_type=\"widget\" data-widget_type=\"heading.default\">\n\t\t\t\t\t<h5 class=\"elementor-heading-title elementor-size-default\">Contactez notre \u00e9quipe de changement de pneu en urgence 7j\/7<\/h5>\t\t\t\t<\/div>\n\t\t\t\t\t<\/div>\n\t\t\t\t<\/div>\n\t\t<div class=\"elementor-element elementor-element-9eb2564 e-flex e-con-boxed e-con e-parent\" data-id=\"9eb2564\" data-element_type=\"container\">\n\t\t\t\t\t<div class=\"e-con-inner\">\n\t\t<div class=\"elementor-element elementor-element-d476ac7 e-con-full e-flex e-con e-child\" data-id=\"d476ac7\" data-element_type=\"container\">\n\t\t\t\t<div class=\"elementor-element elementor-element-62b9e50a elementor-widget elementor-widget-heading\" data-id=\"62b9e50a\" data-element_type=\"widget\" data-widget_type=\"heading.default\">\n\t\t\t\t\t<h2 class=\"elementor-heading-title elementor-size-default\">Urgence pneu \u00e0 Paris et petite couronne<\/h2>\t\t\t\t<\/div>\n\t\t\t\t<div class=\"elementor-element elementor-element-4c0b81d elementor-widget elementor-widget-text-editor\" data-id=\"4c0b81d\" data-element_type=\"widget\" data-widget_type=\"text-editor.default\">\n\t\t\t\t\t\t\t\t\t<p data-start=\"300\" data-end=\"626\">Un pneu crev\u00e9 \u00e0 Paris ou en petite couronne ? Pas besoin d\u2019attendre le lendemain ou de chercher un garage ouvert !<br data-start=\"414\" data-end=\"417\" \/>Notre service <strong data-start=\"431\" data-end=\"453\">Urgence Pneu Paris<\/strong> intervient <strong data-start=\"465\" data-end=\"473\">7j\/7<\/strong>, <strong data-start=\"475\" data-end=\"534\">directement sur le lieu o\u00f9 votre voiture est stationn\u00e9e<\/strong> \u2014 \u00e0 domicile, sur votre lieu de travail, dans un parking ou m\u00eame sur le bord de la route.<\/p>\t\t\t\t\t\t\t\t<\/div>\n\t\t\t\t<div class=\"elementor-element elementor-element-dc650a3 elementor-widget elementor-widget-heading\" data-id=\"dc650a3\" data-element_type=\"widget\" data-widget_type=\"heading.default\">\n\t\t\t\t\t<h3 class=\"elementor-heading-title elementor-size-default\">R\u00e9paration et changement de pneu sur place \u2013 7j\/7<\/h3>\t\t\t\t<\/div>\n\t\t\t\t<div class=\"elementor-element elementor-element-606f116 elementor-widget elementor-widget-text-editor\" data-id=\"606f116\" data-element_type=\"widget\" data-widget_type=\"text-editor.default\">\n\t\t\t\t\t\t\t\t\t<p data-start=\"687\" data-end=\"984\">Nos techniciens qualifi\u00e9s sont disponibles <strong data-start=\"730\" data-end=\"782\">tous les jours, week-ends et jours f\u00e9ri\u00e9s inclus<\/strong>, pour assurer la <strong data-start=\"800\" data-end=\"855\">r\u00e9paration ou le changement de vos pneus en urgence<\/strong>. Nous intervenons dans tout <strong data-start=\"884\" data-end=\"905\">Paris intra-muros<\/strong> et la <strong data-start=\"912\" data-end=\"931\">petite couronne<\/strong> (Hauts-de-Seine, Seine-Saint-Denis, Val-de-Marne).<\/p><p data-start=\"986\" data-end=\"1186\">Peu importe l\u2019endroit o\u00f9 se trouve votre v\u00e9hicule : rue, parking souterrain, r\u00e9sidence priv\u00e9e ou aire de stationnement, notre \u00e9quipe mobile est \u00e9quip\u00e9e pour agir <strong data-start=\"1148\" data-end=\"1183\">rapidement et en toute s\u00e9curit\u00e9<\/strong>.<\/p>\t\t\t\t\t\t\t\t<\/div>\n\t\t\t\t<\/div>\n\t\t<div class=\"elementor-element elementor-element-ce2b800 e-con-full e-flex e-con e-child\" data-id=\"ce2b800\" data-element_type=\"container\">\n\t\t\t\t<div class=\"elementor-element elementor-element-c9a33d3 elementor-widget elementor-widget-image\" data-id=\"c9a33d3\" data-element_type=\"widget\" data-widget_type=\"image.default\">\n\t\t\t\t\t\t\t\t\t\t\t\t\t\t\t<img fetchpriority=\"high\" decoding=\"async\" width=\"796\" height=\"1024\" src=\"https:\/\/depannage-tygroo-pneu.com\/wp-content\/uploads\/2025\/10\/service-7-7-796x1024.jpg\" class=\"attachment-large size-large wp-image-169\" alt=\"d\u00e9pannage pneu 7\/7\" srcset=\"https:\/\/depannage-tygroo-pneu.com\/wp-content\/uploads\/2025\/10\/service-7-7-796x1024.jpg 796w, https:\/\/depannage-tygroo-pneu.com\/wp-content\/uploads\/2025\/10\/service-7-7-233x300.jpg 233w, https:\/\/depannage-tygroo-pneu.com\/wp-content\/uploads\/2025\/10\/service-7-7-768x987.jpg 768w, https:\/\/depannage-tygroo-pneu.com\/wp-content\/uploads\/2025\/10\/service-7-7-1195x1536.jpg 1195w, https:\/\/depannage-tygroo-pneu.com\/wp-content\/uploads\/2025\/10\/service-7-7-1593x2048.jpg 1593w, https:\/\/depannage-tygroo-pneu.com\/wp-content\/uploads\/2025\/10\/service-7-7.jpg 1792w\" sizes=\"(max-width: 796px) 100vw, 796px\" \/>\t\t\t\t\t\t\t\t\t\t\t\t\t\t\t<\/div>\n\t\t\t\t<\/div>\n\t\t<div class=\"elementor-element elementor-element-30b3ed7 e-con-full e-flex e-con e-child\" data-id=\"30b3ed7\" data-element_type=\"container\">\n\t\t\t\t<div class=\"elementor-element elementor-element-b9ceb2e elementor-widget elementor-widget-image\" data-id=\"b9ceb2e\" data-element_type=\"widget\" data-widget_type=\"image.default\">\n\t\t\t\t\t\t\t\t\t\t\t\t\t\t\t<img decoding=\"async\" width=\"796\" height=\"1024\" src=\"https:\/\/depannage-tygroo-pneu.com\/wp-content\/uploads\/2025\/10\/camion-depannage-mobile-796x1024.jpg\" class=\"attachment-large size-large wp-image-167\" alt=\"d\u00e9pannage pneu urgence\" srcset=\"https:\/\/depannage-tygroo-pneu.com\/wp-content\/uploads\/2025\/10\/camion-depannage-mobile-796x1024.jpg 796w, https:\/\/depannage-tygroo-pneu.com\/wp-content\/uploads\/2025\/10\/camion-depannage-mobile-233x300.jpg 233w, https:\/\/depannage-tygroo-pneu.com\/wp-content\/uploads\/2025\/10\/camion-depannage-mobile-768x987.jpg 768w, https:\/\/depannage-tygroo-pneu.com\/wp-content\/uploads\/2025\/10\/camion-depannage-mobile-1195x1536.jpg 1195w, https:\/\/depannage-tygroo-pneu.com\/wp-content\/uploads\/2025\/10\/camion-depannage-mobile-1593x2048.jpg 1593w, https:\/\/depannage-tygroo-pneu.com\/wp-content\/uploads\/2025\/10\/camion-depannage-mobile.jpg 1792w\" sizes=\"(max-width: 796px) 100vw, 796px\" \/>\t\t\t\t\t\t\t\t\t\t\t\t\t\t\t<\/div>\n\t\t\t\t<\/div>\n\t\t<div class=\"elementor-element elementor-element-0587849 e-con-full e-flex e-con e-child\" data-id=\"0587849\" data-element_type=\"container\">\n\t\t\t\t<div class=\"elementor-element elementor-element-96b88d7 elementor-widget elementor-widget-heading\" data-id=\"96b88d7\" data-element_type=\"widget\" data-widget_type=\"heading.default\">\n\t\t\t\t\t<h3 class=\"elementor-heading-title elementor-size-default\">Nos services disponibles 7j\/7 :<\/h3>\t\t\t\t<\/div>\n\t\t\t\t<div class=\"elementor-element elementor-element-163d64b elementor-widget elementor-widget-text-editor\" data-id=\"163d64b\" data-element_type=\"widget\" data-widget_type=\"text-editor.default\">\n\t\t\t\t\t\t\t\t\t<ul><li data-start=\"1231\" data-end=\"1276\">R\u00e9paration de pneu crev\u00e9 ou perc\u00e9 sur place<\/li><li data-start=\"1279\" data-end=\"1326\">Changement de pneu (voiture, SUV, utilitaire)<\/li><li data-start=\"1329\" data-end=\"1382\">Montage, \u00e9quilibrage et gonflage des nouveaux pneus<\/li><li data-start=\"1385\" data-end=\"1429\">V\u00e9rification de la pression et de la valve<\/li><li data-start=\"1432\" data-end=\"1482\">Assistance et conseils d\u2019entretien personnalis\u00e9s<\/li><\/ul>\t\t\t\t\t\t\t\t<\/div>\n\t\t\t\t<\/div>\n\t\t\t\t\t<\/div>\n\t\t\t\t<\/div>\n\t\t<div class=\"elementor-element elementor-element-6060ce9 e-flex e-con-boxed e-con e-parent\" data-id=\"6060ce9\" data-element_type=\"container\">\n\t\t\t\t\t<div class=\"e-con-inner\">\n\t\t\t\t<div class=\"elementor-element elementor-element-13b9a0b elementor-widget elementor-widget-spacer\" data-id=\"13b9a0b\" data-element_type=\"widget\" data-widget_type=\"spacer.default\">\n\t\t\t\t\t\t\t<div class=\"elementor-spacer\">\n\t\t\t<div class=\"elementor-spacer-inner\"><\/div>\n\t\t<\/div>\n\t\t\t\t\t\t<\/div>\n\t\t\t\t\t<\/div>\n\t\t\t\t<\/div>\n\t\t<div class=\"elementor-element elementor-element-62e3bf2 e-flex e-con-boxed e-con e-parent\" data-id=\"62e3bf2\" data-element_type=\"container\" data-settings=\"{&quot;background_background&quot;:&quot;classic&quot;}\">\n\t\t\t\t\t<div class=\"e-con-inner\">\n\t\t<div class=\"elementor-element elementor-element-0cd3058 e-con-full e-flex e-con e-child\" data-id=\"0cd3058\" data-element_type=\"container\">\n\t\t\t\t<div class=\"elementor-element elementor-element-75b35e0 elementor-widget elementor-widget-counter\" data-id=\"75b35e0\" data-element_type=\"widget\" data-widget_type=\"counter.default\">\n\t\t\t\t\t\t\t<div class=\"elementor-counter\">\n\t\t\t<div class=\"elementor-counter-title\">de clients satisfaits<\/div>\t\t\t<div class=\"elementor-counter-number-wrapper\">\n\t\t\t\t<span class=\"elementor-counter-number-prefix\"><\/span>\n\t\t\t\t<span class=\"elementor-counter-number\" data-duration=\"2000\" data-to-value=\"100\" data-from-value=\"0\" data-delimiter=\",\">0<\/span>\n\t\t\t\t<span class=\"elementor-counter-number-suffix\">%<\/span>\n\t\t\t<\/div>\n\t\t<\/div>\n\t\t\t\t\t\t<\/div>\n\t\t\t\t<\/div>\n\t\t<div class=\"elementor-element elementor-element-b12cb3d e-con-full e-flex e-con e-child\" data-id=\"b12cb3d\" data-element_type=\"container\">\n\t\t\t\t<div class=\"elementor-element elementor-element-7463913 elementor-widget elementor-widget-heading\" data-id=\"7463913\" data-element_type=\"widget\" data-widget_type=\"heading.default\">\n\t\t\t\t\t<h3 class=\"elementor-heading-title elementor-size-default\">Pourquoi choisir notre service d\u2019urgence pneu 7j\/7 \u00e0 Paris ?<\/h3>\t\t\t\t<\/div>\n\t\t\t\t<div class=\"elementor-element elementor-element-e9c25dc elementor-widget elementor-widget-text-editor\" data-id=\"e9c25dc\" data-element_type=\"widget\" data-widget_type=\"text-editor.default\">\n\t\t\t\t\t\t\t\t\t<ul><li data-start=\"1556\" data-end=\"1630\">\u2705 <strong data-start=\"1558\" data-end=\"1584\">Disponibilit\u00e9 totale :<\/strong> intervention tous les jours, sans exception<\/li><li data-start=\"1633\" data-end=\"1710\">\u23f1\ufe0f <strong data-start=\"1636\" data-end=\"1650\">Rapidit\u00e9 :<\/strong> arriv\u00e9e sur place en moins de 45 minutes selon le secteur<\/li><li data-start=\"1713\" data-end=\"1775\">\ud83d\udcb0 <strong data-start=\"1716\" data-end=\"1749\">Tarifs clairs et transparents<\/strong>, sans mauvaise surprise<\/li><li data-start=\"1778\" data-end=\"1834\">\ud83e\uddf0 <strong data-start=\"1781\" data-end=\"1806\">Techniciens certifi\u00e9s<\/strong> et mat\u00e9riel professionnel<\/li><li data-start=\"1837\" data-end=\"1998\">\ud83d\udccd <strong data-start=\"1840\" data-end=\"1861\">Zones couvertes :<\/strong> Paris (tous arrondissements), Boulogne, Levallois, Saint-Denis, Montreuil, Vincennes, Issy-les-Moulineaux, et toute la petite couronne<\/li><\/ul>\t\t\t\t\t\t\t\t<\/div>\n\t\t\t\t<\/div>\n\t\t\t\t\t<\/div>\n\t\t\t\t<\/div>\n\t\t<div class=\"elementor-element elementor-element-82f8131 e-flex e-con-boxed e-con e-parent\" data-id=\"82f8131\" data-element_type=\"container\">\n\t\t\t\t\t<div class=\"e-con-inner\">\n\t\t\t\t<div class=\"elementor-element elementor-element-396b322 elementor-widget elementor-widget-spacer\" data-id=\"396b322\" data-element_type=\"widget\" data-widget_type=\"spacer.default\">\n\t\t\t\t\t\t\t<div class=\"elementor-spacer\">\n\t\t\t<div class=\"elementor-spacer-inner\"><\/div>\n\t\t<\/div>\n\t\t\t\t\t\t<\/div>\n\t\t\t\t\t<\/div>\n\t\t\t\t<\/div>\n\t\t<div class=\"elementor-element elementor-element-4d3f27b e-flex e-con-boxed e-con e-parent\" data-id=\"4d3f27b\" data-element_type=\"container\">\n\t\t\t\t\t<div class=\"e-con-inner\">\n\t\t\t\t<div class=\"elementor-element elementor-element-af56805 elementor-widget elementor-widget-heading\" data-id=\"af56805\" data-element_type=\"widget\" data-widget_type=\"heading.default\">\n\t\t\t\t\t<h3 class=\"elementor-heading-title elementor-size-default\">Service parfait pour :<\/h3>\t\t\t\t<\/div>\n\t\t\t\t<div class=\"elementor-element elementor-element-21c7af4 elementor-widget elementor-widget-text-editor\" data-id=\"21c7af4\" data-element_type=\"widget\" data-widget_type=\"text-editor.default\">\n\t\t\t\t\t\t\t\t\t<p>Une <strong data-start=\"2038\" data-end=\"2060\">crevaison soudaine<\/strong> le week-end ou en soir\u00e9e<\/p><p>Le <strong data-start=\"2093\" data-end=\"2129\">remplacement de pneus \u00e0 domicile<\/strong> sans perte de temps<\/p><p>Les professionnels et particuliers ayant besoin d\u2019une <strong data-start=\"2208\" data-end=\"2243\">intervention rapide et flexible<\/strong><\/p>\t\t\t\t\t\t\t\t<\/div>\n\t\t\t\t\t<\/div>\n\t\t\t\t<\/div>\n\t\t\t\t<\/div>\n\t\t","protected":false},"excerpt":{"rendered":"<p>Urgence pneu Intervention 7j\/7 sur place Contactez notre \u00e9quipe de changement de pneu en urgence 7j\/7 Urgence pneu \u00e0 Paris et petite couronne Un pneu crev\u00e9 \u00e0 Paris ou en petite couronne ? Pas besoin d\u2019attendre le lendemain ou de chercher un garage ouvert !Notre service Urgence Pneu Paris intervient 7j\/7, directement sur le lieu [&hellip;]<\/p>\n","protected":false},"author":1,"featured_media":167,"parent":0,"menu_order":0,"comment_status":"closed","ping_status":"closed","template":"elementor_header_footer","meta":{"footnotes":""},"class_list":["post-280","page","type-page","status-publish","has-post-thumbnail","hentry"],"_links":{"self":[{"href":"https:\/\/depannage-tygroo-pneu.com\/index.php\/wp-json\/wp\/v2\/pages\/280","targetHints":{"allow":["GET"]}}],"collection":[{"href":"https:\/\/depannage-tygroo-pneu.com\/index.php\/wp-json\/wp\/v2\/pages"}],"about":[{"href":"https:\/\/depannage-tygroo-pneu.com\/index.php\/wp-json\/wp\/v2\/types\/page"}],"author":[{"embeddable":true,"href":"https:\/\/depannage-tygroo-pneu.com\/index.php\/wp-json\/wp\/v2\/users\/1"}],"replies":[{"embeddable":true,"href":"https:\/\/depannage-tygroo-pneu.com\/index.php\/wp-json\/wp\/v2\/comments?post=280"}],"version-history":[{"count":4,"href":"https:\/\/depannage-tygroo-pneu.com\/index.php\/wp-json\/wp\/v2\/pages\/280\/revisions"}],"predecessor-version":[{"id":284,"href":"https:\/\/depannage-tygroo-pneu.com\/index.php\/wp-json\/wp\/v2\/pages\/280\/revisions\/284"}],"wp:featuredmedia":[{"embeddable":true,"href":"https:\/\/depannage-tygroo-pneu.com\/index.php\/wp-json\/wp\/v2\/media\/167"}],"wp:attachment":[{"href":"https:\/\/depannage-tygroo-pneu.com\/index.php\/wp-json\/wp\/v2\/media?parent=280"}],"curies":[{"name":"wp","href":"https:\/\/api.w.org\/{rel}","templated":true}]}}