{"id":263,"date":"2025-10-13T16:09:04","date_gmt":"2025-10-13T14:09:04","guid":{"rendered":"https:\/\/depannage-tygroo-pneu.com\/?page_id=263"},"modified":"2025-10-13T18:04:06","modified_gmt":"2025-10-13T16:04:06","slug":"changement-pneu","status":"publish","type":"page","link":"https:\/\/depannage-tygroo-pneu.com\/index.php\/changement-pneu\/","title":{"rendered":"Changement pneu"},"content":{"rendered":"\t\t<div data-elementor-type=\"wp-page\" data-elementor-id=\"263\" class=\"elementor elementor-263\">\n\t\t\t\t<div class=\"elementor-element elementor-element-79337ab3 e-flex e-con-boxed e-con e-parent\" data-id=\"79337ab3\" data-element_type=\"container\" data-settings=\"{&quot;background_background&quot;:&quot;classic&quot;}\">\n\t\t\t\t\t<div class=\"e-con-inner\">\n\t\t\t\t<div class=\"elementor-element elementor-element-194f2976 elementor-widget elementor-widget-heading\" data-id=\"194f2976\" data-element_type=\"widget\" data-widget_type=\"heading.default\">\n\t\t\t\t\t<h1 class=\"elementor-heading-title elementor-size-default\">Changement Pneu<\/h1>\t\t\t\t<\/div>\n\t\t\t\t<div class=\"elementor-element elementor-element-47d860d6 elementor-widget-divider--view-line elementor-widget elementor-widget-divider\" data-id=\"47d860d6\" data-element_type=\"widget\" data-widget_type=\"divider.default\">\n\t\t\t\t\t\t\t<div class=\"elementor-divider\">\n\t\t\t<span class=\"elementor-divider-separator\">\n\t\t\t\t\t\t<\/span>\n\t\t<\/div>\n\t\t\t\t\t\t<\/div>\n\t\t\t\t<div class=\"elementor-element elementor-element-647280b7 elementor-widget__width-initial elementor-widget-tablet__width-initial elementor-widget elementor-widget-heading\" data-id=\"647280b7\" data-element_type=\"widget\" data-widget_type=\"heading.default\">\n\t\t\t\t\t<h5 class=\"elementor-heading-title elementor-size-default\">Pneu crev\u00e9 ? Contactez notre \u00e9quipe de changement de pneu \u00e0 domicile<\/h5>\t\t\t\t<\/div>\n\t\t\t\t\t<\/div>\n\t\t\t\t<\/div>\n\t\t<div class=\"elementor-element elementor-element-9eb2564 e-flex e-con-boxed e-con e-parent\" data-id=\"9eb2564\" data-element_type=\"container\">\n\t\t\t\t\t<div class=\"e-con-inner\">\n\t\t<div class=\"elementor-element elementor-element-d476ac7 e-con-full e-flex e-con e-child\" data-id=\"d476ac7\" data-element_type=\"container\">\n\t\t\t\t<div class=\"elementor-element elementor-element-62b9e50a elementor-widget elementor-widget-heading\" data-id=\"62b9e50a\" data-element_type=\"widget\" data-widget_type=\"heading.default\">\n\t\t\t\t\t<h2 class=\"elementor-heading-title elementor-size-default\">Changement de pneu en urgence sur place<\/h2>\t\t\t\t<\/div>\n\t\t\t\t<div class=\"elementor-element elementor-element-4c0b81d elementor-widget elementor-widget-text-editor\" data-id=\"4c0b81d\" data-element_type=\"widget\" data-widget_type=\"text-editor.default\">\n\t\t\t\t\t\t\t\t\t<p>Besoin d\u2019un <strong data-start=\"244\" data-end=\"277\">changement de pneu en urgence<\/strong> ? Inutile de vous d\u00e9placer ou d\u2019appeler une d\u00e9panneuse ! Nos techniciens interviennent <strong data-start=\"365\" data-end=\"424\">directement sur le lieu o\u00f9 votre v\u00e9hicule est stationn\u00e9<\/strong> \u2014 que ce soit \u00e0 votre domicile, sur votre lieu de travail, dans un parking ou sur le bord de la route.<\/p>\t\t\t\t\t\t\t\t<\/div>\n\t\t\t\t<div class=\"elementor-element elementor-element-dc650a3 elementor-widget elementor-widget-heading\" data-id=\"dc650a3\" data-element_type=\"widget\" data-widget_type=\"heading.default\">\n\t\t\t\t\t<h3 class=\"elementor-heading-title elementor-size-default\">Changement de pneu \u00e0 domicile ou sur site<\/h3>\t\t\t\t<\/div>\n\t\t\t\t<div class=\"elementor-element elementor-element-606f116 elementor-widget elementor-widget-text-editor\" data-id=\"606f116\" data-element_type=\"widget\" data-widget_type=\"text-editor.default\">\n\t\t\t\t\t\t\t\t\t<p data-start=\"582\" data-end=\"862\">Nous proposons un <strong data-start=\"600\" data-end=\"643\">service rapide, fiable et professionnel<\/strong> pour remplacer vos pneus sur place. Notre \u00e9quipe mobile se d\u00e9place avec tout l\u2019\u00e9quipement n\u00e9cessaire pour effectuer le <strong data-start=\"763\" data-end=\"798\">changement complet de vos pneus<\/strong> en toute s\u00e9curit\u00e9, sans que vous ayez \u00e0 bouger votre voiture.<\/p><p data-start=\"864\" data-end=\"1048\">Que vous ayez crev\u00e9, que vos pneus soient us\u00e9s ou que vous souhaitiez simplement installer vos pneus hiver ou \u00e9t\u00e9, nous nous occupons de tout, <strong data-start=\"1007\" data-end=\"1045\">l\u00e0 o\u00f9 votre voiture est stationn\u00e9e<\/strong>.<\/p>\t\t\t\t\t\t\t\t<\/div>\n\t\t\t\t<\/div>\n\t\t<div class=\"elementor-element elementor-element-ce2b800 e-con-full e-flex e-con e-child\" data-id=\"ce2b800\" data-element_type=\"container\">\n\t\t\t\t<div class=\"elementor-element elementor-element-c9a33d3 elementor-widget elementor-widget-image\" data-id=\"c9a33d3\" data-element_type=\"widget\" data-widget_type=\"image.default\">\n\t\t\t\t\t\t\t\t\t\t\t\t\t\t\t<img fetchpriority=\"high\" decoding=\"async\" width=\"800\" height=\"800\" src=\"https:\/\/depannage-tygroo-pneu.com\/wp-content\/uploads\/2025\/10\/camion-depannage-pneu-1024x1024.png\" class=\"attachment-large size-large wp-image-119\" alt=\"\" srcset=\"https:\/\/depannage-tygroo-pneu.com\/wp-content\/uploads\/2025\/10\/camion-depannage-pneu-1024x1024.png 1024w, https:\/\/depannage-tygroo-pneu.com\/wp-content\/uploads\/2025\/10\/camion-depannage-pneu-300x300.png 300w, https:\/\/depannage-tygroo-pneu.com\/wp-content\/uploads\/2025\/10\/camion-depannage-pneu-150x150.png 150w, https:\/\/depannage-tygroo-pneu.com\/wp-content\/uploads\/2025\/10\/camion-depannage-pneu-768x768.png 768w, https:\/\/depannage-tygroo-pneu.com\/wp-content\/uploads\/2025\/10\/camion-depannage-pneu-1536x1536.png 1536w, https:\/\/depannage-tygroo-pneu.com\/wp-content\/uploads\/2025\/10\/camion-depannage-pneu.png 2048w\" sizes=\"(max-width: 800px) 100vw, 800px\" \/>\t\t\t\t\t\t\t\t\t\t\t\t\t\t\t<\/div>\n\t\t\t\t<\/div>\n\t\t<div class=\"elementor-element elementor-element-30b3ed7 e-con-full e-flex e-con e-child\" data-id=\"30b3ed7\" data-element_type=\"container\">\n\t\t\t\t<div class=\"elementor-element elementor-element-b9ceb2e elementor-widget elementor-widget-image\" data-id=\"b9ceb2e\" data-element_type=\"widget\" data-widget_type=\"image.default\">\n\t\t\t\t\t\t\t\t\t\t\t\t\t\t\t<img decoding=\"async\" width=\"796\" height=\"1024\" src=\"https:\/\/depannage-tygroo-pneu.com\/wp-content\/uploads\/2025\/10\/urgence-pneu-changement-796x1024.png\" class=\"attachment-large size-large wp-image-124\" alt=\"d\u00e9pannage pneu ile de France\" srcset=\"https:\/\/depannage-tygroo-pneu.com\/wp-content\/uploads\/2025\/10\/urgence-pneu-changement-796x1024.png 796w, https:\/\/depannage-tygroo-pneu.com\/wp-content\/uploads\/2025\/10\/urgence-pneu-changement-233x300.png 233w, https:\/\/depannage-tygroo-pneu.com\/wp-content\/uploads\/2025\/10\/urgence-pneu-changement-768x988.png 768w, https:\/\/depannage-tygroo-pneu.com\/wp-content\/uploads\/2025\/10\/urgence-pneu-changement-1195x1536.png 1195w, https:\/\/depannage-tygroo-pneu.com\/wp-content\/uploads\/2025\/10\/urgence-pneu-changement.png 1200w\" sizes=\"(max-width: 796px) 100vw, 796px\" \/>\t\t\t\t\t\t\t\t\t\t\t\t\t\t\t<\/div>\n\t\t\t\t<\/div>\n\t\t<div class=\"elementor-element elementor-element-0587849 e-con-full e-flex e-con e-child\" data-id=\"0587849\" data-element_type=\"container\">\n\t\t\t\t<div class=\"elementor-element elementor-element-96b88d7 elementor-widget elementor-widget-heading\" data-id=\"96b88d7\" data-element_type=\"widget\" data-widget_type=\"heading.default\">\n\t\t\t\t\t<h3 class=\"elementor-heading-title elementor-size-default\">Nos services comprennent :<\/h3>\t\t\t\t<\/div>\n\t\t\t\t<div class=\"elementor-element elementor-element-163d64b elementor-widget elementor-widget-text-editor\" data-id=\"163d64b\" data-element_type=\"widget\" data-widget_type=\"text-editor.default\">\n\t\t\t\t\t\t\t\t\t<ul><li data-start=\"1088\" data-end=\"1145\">Changement de pneu sur place (voiture, SUV, utilitaire)<\/li><li data-start=\"1148\" data-end=\"1201\">Montage, \u00e9quilibrage et gonflage des nouveaux pneus<\/li><li data-start=\"1204\" data-end=\"1247\">V\u00e9rification de la pression et des valves<\/li><li data-start=\"1250\" data-end=\"1282\">Recyclage de vos anciens pneus<\/li><li data-start=\"1285\" data-end=\"1350\">Conseils personnalis\u00e9s sur le choix et l\u2019entretien de vos pneus<\/li><\/ul>\t\t\t\t\t\t\t\t<\/div>\n\t\t\t\t<\/div>\n\t\t\t\t\t<\/div>\n\t\t\t\t<\/div>\n\t\t<div class=\"elementor-element elementor-element-6060ce9 e-flex e-con-boxed e-con e-parent\" data-id=\"6060ce9\" data-element_type=\"container\">\n\t\t\t\t\t<div class=\"e-con-inner\">\n\t\t\t\t<div class=\"elementor-element elementor-element-13b9a0b elementor-widget elementor-widget-spacer\" data-id=\"13b9a0b\" data-element_type=\"widget\" data-widget_type=\"spacer.default\">\n\t\t\t\t\t\t\t<div class=\"elementor-spacer\">\n\t\t\t<div class=\"elementor-spacer-inner\"><\/div>\n\t\t<\/div>\n\t\t\t\t\t\t<\/div>\n\t\t\t\t\t<\/div>\n\t\t\t\t<\/div>\n\t\t<div class=\"elementor-element elementor-element-62e3bf2 e-flex e-con-boxed e-con e-parent\" data-id=\"62e3bf2\" data-element_type=\"container\" data-settings=\"{&quot;background_background&quot;:&quot;classic&quot;}\">\n\t\t\t\t\t<div class=\"e-con-inner\">\n\t\t<div class=\"elementor-element elementor-element-0cd3058 e-con-full e-flex e-con e-child\" data-id=\"0cd3058\" data-element_type=\"container\">\n\t\t\t\t<div class=\"elementor-element elementor-element-75b35e0 elementor-widget elementor-widget-counter\" data-id=\"75b35e0\" data-element_type=\"widget\" data-widget_type=\"counter.default\">\n\t\t\t\t\t\t\t<div class=\"elementor-counter\">\n\t\t\t<div class=\"elementor-counter-title\">de clients satisfaits<\/div>\t\t\t<div class=\"elementor-counter-number-wrapper\">\n\t\t\t\t<span class=\"elementor-counter-number-prefix\"><\/span>\n\t\t\t\t<span class=\"elementor-counter-number\" data-duration=\"2000\" data-to-value=\"100\" data-from-value=\"0\" data-delimiter=\",\">0<\/span>\n\t\t\t\t<span class=\"elementor-counter-number-suffix\">%<\/span>\n\t\t\t<\/div>\n\t\t<\/div>\n\t\t\t\t\t\t<\/div>\n\t\t\t\t<\/div>\n\t\t<div class=\"elementor-element elementor-element-b12cb3d e-con-full e-flex e-con e-child\" data-id=\"b12cb3d\" data-element_type=\"container\">\n\t\t\t\t<div class=\"elementor-element elementor-element-7463913 elementor-widget elementor-widget-heading\" data-id=\"7463913\" data-element_type=\"widget\" data-widget_type=\"heading.default\">\n\t\t\t\t\t<h3 class=\"elementor-heading-title elementor-size-default\">Pourquoi faire appel \u00e0 notre service mobile de changement de pneus ?<\/h3>\t\t\t\t<\/div>\n\t\t\t\t<div class=\"elementor-element elementor-element-e9c25dc elementor-widget elementor-widget-text-editor\" data-id=\"e9c25dc\" data-element_type=\"widget\" data-widget_type=\"text-editor.default\">\n\t\t\t\t\t\t\t\t\t<ul><li data-start=\"1432\" data-end=\"1502\">\u2705 Intervention \u00e0 domicile, au bureau ou sur le lieu de stationnement<\/li><li data-start=\"1505\" data-end=\"1566\">\u23f1\ufe0f D\u00e9lai rapide : intervention souvent en moins d\u2019une heure<\/li><li data-start=\"1569\" data-end=\"1601\">\ud83d\udcb0 Prix clair et sans surprise<\/li><li data-start=\"1604\" data-end=\"1656\">\ud83e\uddf0 Mat\u00e9riel professionnel et techniciens certifi\u00e9s<\/li><li data-start=\"1659\" data-end=\"1710\">\ud83d\udccd D\u00e9placement dans toute votre zone g\u00e9ographique<\/li><\/ul>\t\t\t\t\t\t\t\t<\/div>\n\t\t\t\t<\/div>\n\t\t\t\t\t<\/div>\n\t\t\t\t<\/div>\n\t\t<div class=\"elementor-element elementor-element-82f8131 e-flex e-con-boxed e-con e-parent\" data-id=\"82f8131\" data-element_type=\"container\">\n\t\t\t\t\t<div class=\"e-con-inner\">\n\t\t\t\t<div class=\"elementor-element elementor-element-396b322 elementor-widget elementor-widget-spacer\" data-id=\"396b322\" data-element_type=\"widget\" data-widget_type=\"spacer.default\">\n\t\t\t\t\t\t\t<div class=\"elementor-spacer\">\n\t\t\t<div class=\"elementor-spacer-inner\"><\/div>\n\t\t<\/div>\n\t\t\t\t\t\t<\/div>\n\t\t\t\t\t<\/div>\n\t\t\t\t<\/div>\n\t\t<div class=\"elementor-element elementor-element-4d3f27b e-flex e-con-boxed e-con e-parent\" data-id=\"4d3f27b\" data-element_type=\"container\">\n\t\t\t\t\t<div class=\"e-con-inner\">\n\t\t\t\t<div class=\"elementor-element elementor-element-af56805 elementor-widget elementor-widget-heading\" data-id=\"af56805\" data-element_type=\"widget\" data-widget_type=\"heading.default\">\n\t\t\t\t\t<h3 class=\"elementor-heading-title elementor-size-default\">Id\u00e9al pour :<\/h3>\t\t\t\t<\/div>\n\t\t\t\t<div class=\"elementor-element elementor-element-21c7af4 elementor-widget elementor-widget-text-editor\" data-id=\"21c7af4\" data-element_type=\"widget\" data-widget_type=\"text-editor.default\">\n\t\t\t\t\t\t\t\t\t<p data-start=\"1736\" data-end=\"1797\">Les automobilistes sans temps \u00e0 perdre pour aller au garage<\/p><p data-start=\"1800\" data-end=\"1864\">Les v\u00e9hicules immobilis\u00e9s \u00e0 cause d\u2019un pneu crev\u00e9 ou endommag\u00e9<\/p><p data-start=\"1867\" data-end=\"1927\">Le remplacement saisonnier de pneus (hiver\/\u00e9t\u00e9) \u00e0 domicile<\/p>\t\t\t\t\t\t\t\t<\/div>\n\t\t\t\t\t<\/div>\n\t\t\t\t<\/div>\n\t\t\t\t<\/div>\n\t\t","protected":false},"excerpt":{"rendered":"<p>Changement Pneu Pneu crev\u00e9 ? Contactez notre \u00e9quipe de changement de pneu \u00e0 domicile Changement de pneu en urgence sur place Besoin d\u2019un changement de pneu en urgence ? Inutile de vous d\u00e9placer ou d\u2019appeler une d\u00e9panneuse ! Nos techniciens interviennent directement sur le lieu o\u00f9 votre v\u00e9hicule est stationn\u00e9 \u2014 que ce soit \u00e0 [&hellip;]<\/p>\n","protected":false},"author":1,"featured_media":186,"parent":0,"menu_order":0,"comment_status":"closed","ping_status":"closed","template":"elementor_header_footer","meta":{"footnotes":""},"class_list":["post-263","page","type-page","status-publish","has-post-thumbnail","hentry"],"_links":{"self":[{"href":"https:\/\/depannage-tygroo-pneu.com\/index.php\/wp-json\/wp\/v2\/pages\/263","targetHints":{"allow":["GET"]}}],"collection":[{"href":"https:\/\/depannage-tygroo-pneu.com\/index.php\/wp-json\/wp\/v2\/pages"}],"about":[{"href":"https:\/\/depannage-tygroo-pneu.com\/index.php\/wp-json\/wp\/v2\/types\/page"}],"author":[{"embeddable":true,"href":"https:\/\/depannage-tygroo-pneu.com\/index.php\/wp-json\/wp\/v2\/users\/1"}],"replies":[{"embeddable":true,"href":"https:\/\/depannage-tygroo-pneu.com\/index.php\/wp-json\/wp\/v2\/comments?post=263"}],"version-history":[{"count":10,"href":"https:\/\/depannage-tygroo-pneu.com\/index.php\/wp-json\/wp\/v2\/pages\/263\/revisions"}],"predecessor-version":[{"id":274,"href":"https:\/\/depannage-tygroo-pneu.com\/index.php\/wp-json\/wp\/v2\/pages\/263\/revisions\/274"}],"wp:featuredmedia":[{"embeddable":true,"href":"https:\/\/depannage-tygroo-pneu.com\/index.php\/wp-json\/wp\/v2\/media\/186"}],"wp:attachment":[{"href":"https:\/\/depannage-tygroo-pneu.com\/index.php\/wp-json\/wp\/v2\/media?parent=263"}],"curies":[{"name":"wp","href":"https:\/\/api.w.org\/{rel}","templated":true}]}}